{"id":21281,"date":"2026-03-27T14:17:03","date_gmt":"2026-03-27T14:17:03","guid":{"rendered":"https:\/\/www.ordaraat.com.kw\/?post_type=product&#038;p=21281"},"modified":"2026-03-28T04:07:23","modified_gmt":"2026-03-28T04:07:23","slug":"lancome-tresor-a-la-folie-75ml-eau-de-parfum-for-women","status":"publish","type":"product","link":"https:\/\/www.ordaraat.com.kw\/ar\/shop\/for-her\/perfumes-for-her\/lancome-tresor-a-la-folie-75ml-eau-de-parfum-for-women\/","title":{"rendered":"\u0644\u0627\u0646\u0643\u0648\u0645 \u062a\u0631\u064a\u0632\u0648\u0631 \u0622 \u0644\u0627 \u0641\u0648\u0644\u064a \u0623\u0648 \u062f\u064a \u0628\u0627\u0631\u0641\u0627\u0646 \u0644\u0644\u0646\u0633\u0627\u0621 \u2013 75 \u0645\u0644"},"content":{"rendered":"<p data-start=\"1110\" data-end=\"1382\">Lanc\u00f4me Tr\u00e9sor \u00c0 La Folie 75ml Eau de Parfum is an intoxicating fragrance for women that celebrates elegance, femininity, and passion. Crafted by the prestigious French house of Lancome, this perfume embodies refinement and empowerment in a single captivating scent. This Eau de Parfum opens with fresh, vibrant notes that instantly uplift your mood. Its heart reveals an enchanting bouquet, blending floral accords that are both alluring and sophisticated. The base notes provide a lasting trail of warmth and sensuality, ensuring the fragrance remains memorable throughout the day.<\/p>\n<p data-start=\"1704\" data-end=\"2054\">Designed for any occasion, Tr\u00e9sor \u00c0 La Folie is versatile enough for daytime elegance and evening glamour alike. Its luxurious composition allows you to feel empowered, inspired, and unforgettable. Ideal for women who seek a signature scent that is bold, vibrant, and gracefully feminine, this perfume is a celebration of modern sophistication.<\/p>\n<p data-start=\"2056\" data-end=\"2289\">Housed in a beautifully designed bottle, Lancome Tr\u00e9sor \u00c0 La Folie is as much a piece of art as it is a fragrance. Whether gifting or personal indulgence, this 75ml Eau de Parfum combines style, elegance, and luxury in every spray.<\/p>\n<p data-start=\"2291\" data-end=\"2456\">","protected":false},"excerpt":{"rendered":"<p>\u0639\u0637\u0631 \u0644\u0627\u0646\u0643\u0648\u0645 \u062a\u0631\u064a\u0632\u0648\u0631 \u0622 \u0644\u0627 \u0641\u0648\u0644\u064a 75 \u0645\u0644 \u0623\u0648 \u062f\u0648 \u0628\u0627\u0631\u0641\u0627\u0646 \u0647\u0648 \u0639\u0637\u0631 \u0641\u0627\u062e\u0631 \u0648\u062c\u0630\u0627\u0628\u060c \u0645\u0635\u0645\u0645 \u062e\u0635\u064a\u0635\u0627\u064b \u0644\u0644\u0646\u0633\u0627\u0621 \u0627\u0644\u0644\u0648\u0627\u062a\u064a \u064a\u064f\u0642\u062f\u0651\u0631\u0646 \u0627\u0644\u0623\u0646\u0627\u0642\u0629 \u0648\u0627\u0644\u0623\u0646\u0648\u062b\u0629 \u0648\u0633\u062d\u0631 \u0627\u0644\u0623\u0632\u0647\u0627\u0631 \u0627\u0644\u0639\u0635\u0631\u064a. \u0635\u064f\u0645\u0645 \u0647\u0630\u0627 \u0627\u0644\u0639\u0637\u0631 \u0644\u064a\u062a\u0631\u0643 \u0627\u0646\u0637\u0628\u0627\u0639\u0627\u064b \u0644\u0627 \u064a\u064f\u0646\u0633\u0649\u060c \u0641\u0647\u0648 \u064a\u062c\u0645\u0639 \u0628\u064a\u0646 \u0627\u0644\u0627\u0646\u062a\u0639\u0627\u0634 \u0648\u0627\u0644\u0631\u0642\u064a \u0648\u0627\u0644\u062f\u0641\u0621\u060c \u0645\u0645\u0627 \u064a\u062c\u0639\u0644\u0647 \u0645\u062b\u0627\u0644\u064a\u0627\u064b \u0644\u062c\u0645\u064a\u0639 \u0627\u0644\u0645\u0646\u0627\u0633\u0628\u0627\u062a\u060c \u0645\u0646 \u0627\u0644\u0627\u0633\u062a\u062e\u062f\u0627\u0645 \u0627\u0644\u064a\u0648\u0645\u064a \u0625\u0644\u0649 \u0627\u0644\u0644\u062d\u0638\u0627\u062a \u0627\u0644\u062e\u0627\u0635\u0629 \u0627\u0644\u062a\u064a \u062a\u0631\u063a\u0628\u064a\u0646 \u0641\u064a\u0647\u0627 \u0628\u0627\u0644\u062a\u0623\u0644\u0642.<\/p>","protected":false},"featured_media":21282,"comment_status":"open","ping_status":"closed","template":"","meta":[],"product_brand":[],"product_cat":[175,888],"product_tag":[900,874,1580,2110,1583,2111,1250,2061,1481,2109,2108,1137],"class_list":{"0":"post-21281","1":"product","2":"type-product","3":"status-publish","4":"has-post-thumbnail","6":"product_cat-for-her","7":"product_cat-perfumes-for-her","8":"product_tag-75ml","9":"product_tag-eau-de-parfum","10":"product_tag-elegant-fragrance","11":"product_tag-empowering-perfume","12":"product_tag-floral-perfume","13":"product_tag-french-perfume","14":"product_tag-lancome","15":"product_tag-long-lasting-fragrance","16":"product_tag-luxury-fragrance","17":"product_tag-refreshing-scent","18":"product_tag-tresor-a-la-folie","19":"product_tag-women-perfume","21":"first","22":"instock","23":"shipping-taxable","24":"purchasable","25":"product-type-simple"},"yoast_head":"<!-- This site is optimized with the Yoast SEO plugin v27.2 - https:\/\/yoast.com\/product\/yoast-seo-wordpress\/ -->\n<title>Lanc\u00f4me Tr\u00e9sor \u00c0 La Folie \u2013 75 ml Eau de Parfum for women<\/title>\n<meta name=\"description\" content=\"Lanc\u00f4me Tr\u00e9sor \u00c0 La Folie \u2013 75ml Eau de Parfum for women. Refreshing, empowering fragrance with a long-lasting floral scent. Perfect for any occasion.\" \/>\n<meta name=\"robots\" content=\"index, follow, max-snippet:-1, max-image-preview:large, max-video-preview:-1\" \/>\n<link rel=\"canonical\" href=\"https:\/\/www.ordaraat.com.kw\/ar\/shop\/for-her\/perfumes-for-her\/lancome-tresor-a-la-folie-75ml-eau-de-parfum-for-women\/\" \/>\n<meta property=\"og:locale\" content=\"ar_AR\" \/>\n<meta property=\"og:type\" content=\"article\" \/>\n<meta property=\"og:title\" content=\"Lanc\u00f4me Tr\u00e9sor \u00c0 La Folie \u2013 75 ml Eau de Parfum for women\" \/>\n<meta property=\"og:description\" content=\"Lanc\u00f4me Tr\u00e9sor \u00c0 La Folie \u2013 75ml Eau de Parfum for women. Refreshing, empowering fragrance with a long-lasting floral scent. Perfect for any occasion.\" \/>\n<meta property=\"og:url\" content=\"https:\/\/www.ordaraat.com.kw\/ar\/shop\/for-her\/perfumes-for-her\/lancome-tresor-a-la-folie-75ml-eau-de-parfum-for-women\/\" \/>\n<meta property=\"og:site_name\" content=\"Ordaraat Store\" \/>\n<meta property=\"article:modified_time\" content=\"2026-03-28T04:07:23+00:00\" \/>\n<meta property=\"og:image\" content=\"https:\/\/www.ordaraat.com.kw\/wp-content\/uploads\/2026\/03\/imageye___-_imgi_3_644967-01.webp\" \/>\n\t<meta property=\"og:image:width\" content=\"2048\" \/>\n\t<meta property=\"og:image:height\" content=\"1319\" \/>\n\t<meta property=\"og:image:type\" content=\"image\/webp\" \/>\n<meta name=\"twitter:card\" content=\"summary_large_image\" \/>\n<meta name=\"twitter:label1\" content=\"\u0648\u0642\u062a \u0627\u0644\u0642\u0631\u0627\u0621\u0629 \u0627\u0644\u0645\u064f\u0642\u062f\u0651\u0631\" \/>\n\t<meta name=\"twitter:data1\" content=\"\u062f\u0642\u064a\u0642\u0629 \u0648\u0627\u062d\u062f\u0629\" \/>\n<script type=\"application\/ld+json\" class=\"yoast-schema-graph\">{\"@context\":\"https:\/\/schema.org\",\"@graph\":[{\"@type\":\"WebPage\",\"@id\":\"https:\/\/www.ordaraat.com.kw\/shop\/for-her\/perfumes-for-her\/lancome-tresor-a-la-folie-75ml-eau-de-parfum-for-women\/\",\"url\":\"https:\/\/www.ordaraat.com.kw\/shop\/for-her\/perfumes-for-her\/lancome-tresor-a-la-folie-75ml-eau-de-parfum-for-women\/\",\"name\":\"Lanc\u00f4me Tr\u00e9sor \u00c0 La Folie \u2013 75 ml Eau de Parfum for women\",\"isPartOf\":{\"@id\":\"https:\/\/www.ordaraat.com.kw\/en\/#website\"},\"primaryImageOfPage\":{\"@id\":\"https:\/\/www.ordaraat.com.kw\/shop\/for-her\/perfumes-for-her\/lancome-tresor-a-la-folie-75ml-eau-de-parfum-for-women\/#primaryimage\"},\"image\":{\"@id\":\"https:\/\/www.ordaraat.com.kw\/shop\/for-her\/perfumes-for-her\/lancome-tresor-a-la-folie-75ml-eau-de-parfum-for-women\/#primaryimage\"},\"thumbnailUrl\":\"https:\/\/www.ordaraat.com.kw\/wp-content\/uploads\/2026\/03\/imageye___-_imgi_3_644967-01.webp\",\"datePublished\":\"2026-03-27T14:17:03+00:00\",\"dateModified\":\"2026-03-28T04:07:23+00:00\",\"description\":\"Lanc\u00f4me Tr\u00e9sor \u00c0 La Folie \u2013 75ml Eau de Parfum for women. Refreshing, empowering fragrance with a long-lasting floral scent. Perfect for any occasion.\",\"breadcrumb\":{\"@id\":\"https:\/\/www.ordaraat.com.kw\/shop\/for-her\/perfumes-for-her\/lancome-tresor-a-la-folie-75ml-eau-de-parfum-for-women\/#breadcrumb\"},\"inLanguage\":\"ar\",\"potentialAction\":[{\"@type\":\"ReadAction\",\"target\":[\"https:\/\/www.ordaraat.com.kw\/shop\/for-her\/perfumes-for-her\/lancome-tresor-a-la-folie-75ml-eau-de-parfum-for-women\/\"]}]},{\"@type\":\"ImageObject\",\"inLanguage\":\"ar\",\"@id\":\"https:\/\/www.ordaraat.com.kw\/shop\/for-her\/perfumes-for-her\/lancome-tresor-a-la-folie-75ml-eau-de-parfum-for-women\/#primaryimage\",\"url\":\"https:\/\/www.ordaraat.com.kw\/wp-content\/uploads\/2026\/03\/imageye___-_imgi_3_644967-01.webp\",\"contentUrl\":\"https:\/\/www.ordaraat.com.kw\/wp-content\/uploads\/2026\/03\/imageye___-_imgi_3_644967-01.webp\",\"width\":2048,\"height\":1319,\"caption\":\"Lancome Tr\u00e9sor \u00c0 La Folie \u2013 Refreshing and Empowering Floral Eau de Parfum\"},{\"@type\":\"BreadcrumbList\",\"@id\":\"https:\/\/www.ordaraat.com.kw\/shop\/for-her\/perfumes-for-her\/lancome-tresor-a-la-folie-75ml-eau-de-parfum-for-women\/#breadcrumb\",\"itemListElement\":[{\"@type\":\"ListItem\",\"position\":1,\"name\":\"Home\",\"item\":\"https:\/\/www.ordaraat.com.kw\/\"},{\"@type\":\"ListItem\",\"position\":2,\"name\":\"Shop\",\"item\":\"https:\/\/www.ordaraat.com.kw\/shop\/\"},{\"@type\":\"ListItem\",\"position\":3,\"name\":\"Lancome Tr\u00e9sor \u00c0 La Folie Eau de Parfum For Women &#8211; 75ml\"}]},{\"@type\":\"WebSite\",\"@id\":\"https:\/\/www.ordaraat.com.kw\/en\/#website\",\"url\":\"https:\/\/www.ordaraat.com.kw\/en\/\",\"name\":\"Ordaraat Store\",\"description\":\"Premier Online Shopping in Kuwait - Electronics, House Equipments, Lighting &amp; More\",\"potentialAction\":[{\"@type\":\"SearchAction\",\"target\":{\"@type\":\"EntryPoint\",\"urlTemplate\":\"https:\/\/www.ordaraat.com.kw\/en\/?s={search_term_string}\"},\"query-input\":{\"@type\":\"PropertyValueSpecification\",\"valueRequired\":true,\"valueName\":\"search_term_string\"}}],\"inLanguage\":\"ar\"}]}<\/script>\n<!-- \/ Yoast SEO plugin. -->","yoast_head_json":{"title":"Lanc\u00f4me Tr\u00e9sor \u00c0 La Folie \u2013 75 ml Eau de Parfum for women","description":"Lanc\u00f4me Tr\u00e9sor \u00c0 La Folie \u2013 75ml Eau de Parfum for women. Refreshing, empowering fragrance with a long-lasting floral scent. Perfect for any occasion.","robots":{"index":"index","follow":"follow","max-snippet":"max-snippet:-1","max-image-preview":"max-image-preview:large","max-video-preview":"max-video-preview:-1"},"canonical":"https:\/\/www.ordaraat.com.kw\/ar\/shop\/for-her\/perfumes-for-her\/lancome-tresor-a-la-folie-75ml-eau-de-parfum-for-women\/","og_locale":"ar_AR","og_type":"article","og_title":"Lanc\u00f4me Tr\u00e9sor \u00c0 La Folie \u2013 75 ml Eau de Parfum for women","og_description":"Lanc\u00f4me Tr\u00e9sor \u00c0 La Folie \u2013 75ml Eau de Parfum for women. Refreshing, empowering fragrance with a long-lasting floral scent. Perfect for any occasion.","og_url":"https:\/\/www.ordaraat.com.kw\/ar\/shop\/for-her\/perfumes-for-her\/lancome-tresor-a-la-folie-75ml-eau-de-parfum-for-women\/","og_site_name":"Ordaraat Store","article_modified_time":"2026-03-28T04:07:23+00:00","og_image":[{"width":2048,"height":1319,"url":"https:\/\/www.ordaraat.com.kw\/wp-content\/uploads\/2026\/03\/imageye___-_imgi_3_644967-01.webp","type":"image\/webp"}],"twitter_card":"summary_large_image","twitter_misc":{"\u0648\u0642\u062a \u0627\u0644\u0642\u0631\u0627\u0621\u0629 \u0627\u0644\u0645\u064f\u0642\u062f\u0651\u0631":"\u062f\u0642\u064a\u0642\u0629 \u0648\u0627\u062d\u062f\u0629"},"schema":{"@context":"https:\/\/schema.org","@graph":[{"@type":"WebPage","@id":"https:\/\/www.ordaraat.com.kw\/shop\/for-her\/perfumes-for-her\/lancome-tresor-a-la-folie-75ml-eau-de-parfum-for-women\/","url":"https:\/\/www.ordaraat.com.kw\/shop\/for-her\/perfumes-for-her\/lancome-tresor-a-la-folie-75ml-eau-de-parfum-for-women\/","name":"Lanc\u00f4me Tr\u00e9sor \u00c0 La Folie \u2013 75 ml Eau de Parfum for women","isPartOf":{"@id":"https:\/\/www.ordaraat.com.kw\/en\/#website"},"primaryImageOfPage":{"@id":"https:\/\/www.ordaraat.com.kw\/shop\/for-her\/perfumes-for-her\/lancome-tresor-a-la-folie-75ml-eau-de-parfum-for-women\/#primaryimage"},"image":{"@id":"https:\/\/www.ordaraat.com.kw\/shop\/for-her\/perfumes-for-her\/lancome-tresor-a-la-folie-75ml-eau-de-parfum-for-women\/#primaryimage"},"thumbnailUrl":"https:\/\/www.ordaraat.com.kw\/wp-content\/uploads\/2026\/03\/imageye___-_imgi_3_644967-01.webp","datePublished":"2026-03-27T14:17:03+00:00","dateModified":"2026-03-28T04:07:23+00:00","description":"Lanc\u00f4me Tr\u00e9sor \u00c0 La Folie \u2013 75ml Eau de Parfum for women. Refreshing, empowering fragrance with a long-lasting floral scent. Perfect for any occasion.","breadcrumb":{"@id":"https:\/\/www.ordaraat.com.kw\/shop\/for-her\/perfumes-for-her\/lancome-tresor-a-la-folie-75ml-eau-de-parfum-for-women\/#breadcrumb"},"inLanguage":"ar","potentialAction":[{"@type":"ReadAction","target":["https:\/\/www.ordaraat.com.kw\/shop\/for-her\/perfumes-for-her\/lancome-tresor-a-la-folie-75ml-eau-de-parfum-for-women\/"]}]},{"@type":"ImageObject","inLanguage":"ar","@id":"https:\/\/www.ordaraat.com.kw\/shop\/for-her\/perfumes-for-her\/lancome-tresor-a-la-folie-75ml-eau-de-parfum-for-women\/#primaryimage","url":"https:\/\/www.ordaraat.com.kw\/wp-content\/uploads\/2026\/03\/imageye___-_imgi_3_644967-01.webp","contentUrl":"https:\/\/www.ordaraat.com.kw\/wp-content\/uploads\/2026\/03\/imageye___-_imgi_3_644967-01.webp","width":2048,"height":1319,"caption":"Lancome Tr\u00e9sor \u00c0 La Folie \u2013 Refreshing and Empowering Floral Eau de Parfum"},{"@type":"BreadcrumbList","@id":"https:\/\/www.ordaraat.com.kw\/shop\/for-her\/perfumes-for-her\/lancome-tresor-a-la-folie-75ml-eau-de-parfum-for-women\/#breadcrumb","itemListElement":[{"@type":"ListItem","position":1,"name":"Home","item":"https:\/\/www.ordaraat.com.kw\/"},{"@type":"ListItem","position":2,"name":"Shop","item":"https:\/\/www.ordaraat.com.kw\/shop\/"},{"@type":"ListItem","position":3,"name":"Lancome Tr\u00e9sor \u00c0 La Folie Eau de Parfum For Women &#8211; 75ml"}]},{"@type":"WebSite","@id":"https:\/\/www.ordaraat.com.kw\/en\/#website","url":"https:\/\/www.ordaraat.com.kw\/en\/","name":"\u0645\u062a\u062c\u0631 \u0623\u0648\u0631\u062f\u0627\u0631\u0627\u062a","description":"\u0623\u0641\u0636\u0644 \u062a\u062c\u0631\u0628\u0629 \u062a\u0633\u0648\u0642 \u0625\u0644\u0643\u062a\u0631\u0648\u0646\u064a \u0641\u064a \u0627\u0644\u0643\u0648\u064a\u062a - \u0625\u0644\u0643\u062a\u0631\u0648\u0646\u064a\u0627\u062a\u060c \u0623\u062c\u0647\u0632\u0629 \u0645\u0646\u0632\u0644\u064a\u0629\u060c \u0625\u0636\u0627\u0621\u0629\u060c \u0648\u0627\u0644\u0645\u0632\u064a\u062f","potentialAction":[{"@type":"SearchAction","target":{"@type":"EntryPoint","urlTemplate":"https:\/\/www.ordaraat.com.kw\/en\/?s={search_term_string}"},"query-input":{"@type":"PropertyValueSpecification","valueRequired":true,"valueName":"search_term_string"}}],"inLanguage":"ar"}]}},"_links":{"self":[{"href":"https:\/\/www.ordaraat.com.kw\/ar\/wp-json\/wp\/v2\/product\/21281","targetHints":{"allow":["GET"]}}],"collection":[{"href":"https:\/\/www.ordaraat.com.kw\/ar\/wp-json\/wp\/v2\/product"}],"about":[{"href":"https:\/\/www.ordaraat.com.kw\/ar\/wp-json\/wp\/v2\/types\/product"}],"replies":[{"embeddable":true,"href":"https:\/\/www.ordaraat.com.kw\/ar\/wp-json\/wp\/v2\/comments?post=21281"}],"version-history":[{"count":3,"href":"https:\/\/www.ordaraat.com.kw\/ar\/wp-json\/wp\/v2\/product\/21281\/revisions"}],"predecessor-version":[{"id":21401,"href":"https:\/\/www.ordaraat.com.kw\/ar\/wp-json\/wp\/v2\/product\/21281\/revisions\/21401"}],"wp:featuredmedia":[{"embeddable":true,"href":"https:\/\/www.ordaraat.com.kw\/ar\/wp-json\/wp\/v2\/media\/21282"}],"wp:attachment":[{"href":"https:\/\/www.ordaraat.com.kw\/ar\/wp-json\/wp\/v2\/media?parent=21281"}],"wp:term":[{"taxonomy":"product_brand","embeddable":true,"href":"https:\/\/www.ordaraat.com.kw\/ar\/wp-json\/wp\/v2\/product_brand?post=21281"},{"taxonomy":"product_cat","embeddable":true,"href":"https:\/\/www.ordaraat.com.kw\/ar\/wp-json\/wp\/v2\/product_cat?post=21281"},{"taxonomy":"product_tag","embeddable":true,"href":"https:\/\/www.ordaraat.com.kw\/ar\/wp-json\/wp\/v2\/product_tag?post=21281"}],"curies":[{"name":"wp","href":"https:\/\/api.w.org\/{rel}","templated":true}]}}