{"id":21303,"date":"2026-03-27T16:17:48","date_gmt":"2026-03-27T16:17:48","guid":{"rendered":"https:\/\/www.ordaraat.com.kw\/?post_type=product&#038;p=21303"},"modified":"2026-04-01T04:00:43","modified_gmt":"2026-04-01T04:00:43","slug":"jimmy-choo-sweetie-degrade-glitter-plexi-clutch-bag-women","status":"publish","type":"product","link":"https:\/\/www.ordaraat.com.kw\/ar\/shop\/for-her\/bags\/jimmy-choo-sweetie-degrade-glitter-plexi-clutch-bag-women\/","title":{"rendered":"\u062d\u0642\u064a\u0628\u0629 \u062c\u064a\u0645\u064a \u062a\u0634\u0648 \u0633\u0648\u064a\u062a\u064a \u062f\u064a\u062c\u0631\u0627\u062f\u064a \u062c\u0644\u064a\u062a\u0631 \u0643\u0644\u0627\u062a\u0634"},"content":{"rendered":"<p data-start=\"1376\" data-end=\"1743\">The Jimmy Choo Sweetie D\u00e9grad\u00e9 Glitter Plexi Clutch is a luxurious evening bag designed to bring instant glamour to formal and special-occasion outfits. With its sleek architectural shape and shimmering metallic d\u00e9grad\u00e9 glitter finish, this clutch reflects the signature elegance and sophistication of the Jimmy Choo brand.<\/p>\n<p data-start=\"1745\" data-end=\"2077\">Crafted from premium acrylic-plexiglass material, the Sweetie clutch features a modern structured silhouette that is both stylish and timeless. The metallic d\u00e9grad\u00e9 glitter effect creates a soft transition of color, making the bag perfect for weddings, parties, evening dinners, and formal events. Designed for both style and practicality, the clutch includes a detachable chain strap, allowing it to be carried as a classic clutch or worn comfortably over the shoulder. It also features a magnetic snap closure, leather side gussets, and a small internal pocket for essentials.<\/p>\n<p data-start=\"2405\" data-end=\"2753\">With compact yet functional dimensions (approximately 24cm x 10cm x 5cm), it offers just enough space for your phone, lipstick, and small accessories while maintaining a sleek and elegant look. The bag is crafted in Italy and represents luxury fashion design with refined detailing and premium finishing.<\/p>\n<p data-start=\"2755\" data-end=\"2988\">The Jimmy Choo Sweetie D\u00e9grad\u00e9 Glitter Plexi Clutch is an ideal choice for women looking for a statement evening bag that combines elegance, luxury, and timeless style in one iconic design.<\/p>","protected":false},"excerpt":{"rendered":"<p>\u062d\u0642\u064a\u0628\u0629 \u062c\u064a\u0645\u064a \u062a\u0634\u0648 \u0633\u0648\u064a\u062a\u064a \u062f\u064a\u063a\u0631\u0627\u062f\u064a \u063a\u0644\u064a\u062a\u0631 \u0628\u0644\u064a\u0643\u0633\u064a \u0647\u064a \u062d\u0642\u064a\u0628\u0629 \u0633\u0647\u0631\u0629 \u0641\u0627\u062e\u0631\u0629 \u0648\u062c\u0630\u0627\u0628\u0629\u060c \u0645\u0635\u0645\u0645\u0629 \u0644\u0644\u0646\u0633\u0627\u0621 \u0627\u0644\u0644\u0648\u0627\u062a\u064a \u064a\u0639\u0634\u0642\u0646 \u0627\u0644\u0623\u0646\u0627\u0642\u0629 \u0648\u0627\u0644\u062c\u0627\u0630\u0628\u064a\u0629 \u0648\u0627\u0644\u0631\u0642\u064a \u0627\u0644\u0639\u0635\u0631\u064a. \u0635\u064f\u0646\u0639\u062a \u0647\u0630\u0647 \u0627\u0644\u062d\u0642\u064a\u0628\u0629 \u0627\u0644\u0623\u064a\u0642\u0648\u0646\u064a\u0629 \u0628\u062d\u0631\u0641\u064a\u0629 \u0625\u064a\u0637\u0627\u0644\u064a\u0629 \u0639\u0627\u0644\u064a\u0629\u060c \u0648\u062a\u062c\u0645\u0639 \u0628\u064a\u0646 \u0627\u0644\u0623\u0633\u0644\u0648\u0628 \u0627\u0644\u0645\u0639\u0627\u0635\u0631 \u0648\u0627\u0644\u0641\u062e\u0627\u0645\u0629 \u0627\u0644\u062e\u0627\u0644\u062f\u0629\u060c \u0645\u0645\u0627 \u064a\u062c\u0639\u0644\u0647\u0627 \u0627\u0644\u0625\u0643\u0633\u0633\u0648\u0627\u0631 \u0627\u0644\u0623\u0645\u062b\u0644 \u0644\u0644\u0645\u0646\u0627\u0633\u0628\u0627\u062a \u0627\u0644\u0631\u0633\u0645\u064a\u0629 \u0648\u062d\u0641\u0644\u0627\u062a \u0627\u0644\u0632\u0641\u0627\u0641 \u0648\u0627\u0644\u062d\u0641\u0644\u0627\u062a.<\/p>","protected":false},"featured_media":21305,"comment_status":"closed","ping_status":"closed","template":"","meta":[],"product_brand":[996],"product_cat":[891,175],"product_tag":[2127,2130,2125,2126,856,2128,2124,2131,2129,2122,2123],"class_list":{"0":"post-21303","1":"product","2":"type-product","3":"status-publish","4":"has-post-thumbnail","6":"product_brand-jimmy-choo","7":"product_cat-bags","8":"product_cat-for-her","9":"product_tag-designer-bag","10":"product_tag-evening-bag","11":"product_tag-evening-clutch-bag","12":"product_tag-glitter-clutch","13":"product_tag-jimmy-choo","14":"product_tag-jimmy-choo-women-bag","15":"product_tag-luxury-clutch","16":"product_tag-luxury-women-accessories","17":"product_tag-plexi-clutch","18":"product_tag-sweetie-clutch","19":"product_tag-women-clutch-bag","21":"first","22":"instock","23":"shipping-taxable","24":"purchasable","25":"product-type-simple"},"yoast_head":"<!-- This site is optimized with the Yoast SEO plugin v27.2 - https:\/\/yoast.com\/product\/yoast-seo-wordpress\/ -->\n<title>Jimmy Choo Sweetie D\u00e9grad\u00e9 Glitter Clutch Bag - Ordaraat Store<\/title>\n<meta name=\"description\" content=\"Jimmy Choo Sweetie D\u00e9grad\u00e9 Glitter Plexi Clutch for women. A luxury acrylic evening clutch with a detachable chain strap and metallic d\u00e9grad\u00e9 glitter finish.\" \/>\n<meta name=\"robots\" content=\"index, follow, max-snippet:-1, max-image-preview:large, max-video-preview:-1\" \/>\n<link rel=\"canonical\" href=\"https:\/\/www.ordaraat.com.kw\/ar\/shop\/for-her\/bags\/jimmy-choo-sweetie-degrade-glitter-plexi-clutch-bag-women\/\" \/>\n<meta property=\"og:locale\" content=\"ar_AR\" \/>\n<meta property=\"og:type\" content=\"article\" \/>\n<meta property=\"og:title\" content=\"Jimmy Choo Sweetie D\u00e9grad\u00e9 Glitter Clutch Bag - Ordaraat Store\" \/>\n<meta property=\"og:description\" content=\"Jimmy Choo Sweetie D\u00e9grad\u00e9 Glitter Plexi Clutch for women. A luxury acrylic evening clutch with a detachable chain strap and metallic d\u00e9grad\u00e9 glitter finish.\" \/>\n<meta property=\"og:url\" content=\"https:\/\/www.ordaraat.com.kw\/ar\/shop\/for-her\/bags\/jimmy-choo-sweetie-degrade-glitter-plexi-clutch-bag-women\/\" \/>\n<meta property=\"og:site_name\" content=\"Ordaraat Store\" \/>\n<meta property=\"article:modified_time\" content=\"2026-04-01T04:00:43+00:00\" \/>\n<meta property=\"og:image\" content=\"https:\/\/www.ordaraat.com.kw\/wp-content\/uploads\/2026\/03\/imageye___-_imgi_58_212086172_IN-scaled.jpg\" \/>\n\t<meta property=\"og:image:width\" content=\"1707\" \/>\n\t<meta property=\"og:image:height\" content=\"2560\" \/>\n\t<meta property=\"og:image:type\" content=\"image\/jpeg\" \/>\n<meta name=\"twitter:card\" content=\"summary_large_image\" \/>\n<meta name=\"twitter:label1\" content=\"\u0648\u0642\u062a \u0627\u0644\u0642\u0631\u0627\u0621\u0629 \u0627\u0644\u0645\u064f\u0642\u062f\u0651\u0631\" \/>\n\t<meta name=\"twitter:data1\" content=\"\u062f\u0642\u064a\u0642\u062a\u0627\u0646\" \/>\n<script type=\"application\/ld+json\" class=\"yoast-schema-graph\">{\"@context\":\"https:\/\/schema.org\",\"@graph\":[{\"@type\":\"WebPage\",\"@id\":\"https:\/\/www.ordaraat.com.kw\/shop\/for-her\/bags\/jimmy-choo-sweetie-degrade-glitter-plexi-clutch-bag-women\/\",\"url\":\"https:\/\/www.ordaraat.com.kw\/shop\/for-her\/bags\/jimmy-choo-sweetie-degrade-glitter-plexi-clutch-bag-women\/\",\"name\":\"Jimmy Choo Sweetie D\u00e9grad\u00e9 Glitter Clutch Bag - Ordaraat Store\",\"isPartOf\":{\"@id\":\"https:\/\/www.ordaraat.com.kw\/en\/#website\"},\"primaryImageOfPage\":{\"@id\":\"https:\/\/www.ordaraat.com.kw\/shop\/for-her\/bags\/jimmy-choo-sweetie-degrade-glitter-plexi-clutch-bag-women\/#primaryimage\"},\"image\":{\"@id\":\"https:\/\/www.ordaraat.com.kw\/shop\/for-her\/bags\/jimmy-choo-sweetie-degrade-glitter-plexi-clutch-bag-women\/#primaryimage\"},\"thumbnailUrl\":\"https:\/\/www.ordaraat.com.kw\/wp-content\/uploads\/2026\/03\/imageye___-_imgi_58_212086172_IN-scaled.jpg\",\"datePublished\":\"2026-03-27T16:17:48+00:00\",\"dateModified\":\"2026-04-01T04:00:43+00:00\",\"description\":\"Jimmy Choo Sweetie D\u00e9grad\u00e9 Glitter Plexi Clutch for women. A luxury acrylic evening clutch with a detachable chain strap and metallic d\u00e9grad\u00e9 glitter finish.\",\"breadcrumb\":{\"@id\":\"https:\/\/www.ordaraat.com.kw\/shop\/for-her\/bags\/jimmy-choo-sweetie-degrade-glitter-plexi-clutch-bag-women\/#breadcrumb\"},\"inLanguage\":\"ar\",\"potentialAction\":[{\"@type\":\"ReadAction\",\"target\":[\"https:\/\/www.ordaraat.com.kw\/shop\/for-her\/bags\/jimmy-choo-sweetie-degrade-glitter-plexi-clutch-bag-women\/\"]}]},{\"@type\":\"ImageObject\",\"inLanguage\":\"ar\",\"@id\":\"https:\/\/www.ordaraat.com.kw\/shop\/for-her\/bags\/jimmy-choo-sweetie-degrade-glitter-plexi-clutch-bag-women\/#primaryimage\",\"url\":\"https:\/\/www.ordaraat.com.kw\/wp-content\/uploads\/2026\/03\/imageye___-_imgi_58_212086172_IN-scaled.jpg\",\"contentUrl\":\"https:\/\/www.ordaraat.com.kw\/wp-content\/uploads\/2026\/03\/imageye___-_imgi_58_212086172_IN-scaled.jpg\",\"width\":1707,\"height\":2560,\"caption\":\"Jimmy Choo Sweetie D\u00e9grad\u00e9 Glitter Plexi Evening Clutch\"},{\"@type\":\"BreadcrumbList\",\"@id\":\"https:\/\/www.ordaraat.com.kw\/shop\/for-her\/bags\/jimmy-choo-sweetie-degrade-glitter-plexi-clutch-bag-women\/#breadcrumb\",\"itemListElement\":[{\"@type\":\"ListItem\",\"position\":1,\"name\":\"Home\",\"item\":\"https:\/\/www.ordaraat.com.kw\/\"},{\"@type\":\"ListItem\",\"position\":2,\"name\":\"Shop\",\"item\":\"https:\/\/www.ordaraat.com.kw\/shop\/\"},{\"@type\":\"ListItem\",\"position\":3,\"name\":\"Jimmy Choo Sweetie D\u00e9grad\u00e9 Glitter Clutch Bag\"}]},{\"@type\":\"WebSite\",\"@id\":\"https:\/\/www.ordaraat.com.kw\/en\/#website\",\"url\":\"https:\/\/www.ordaraat.com.kw\/en\/\",\"name\":\"Ordaraat Store\",\"description\":\"Premier Online Shopping in Kuwait - Electronics, House Equipments, Lighting &amp; More\",\"potentialAction\":[{\"@type\":\"SearchAction\",\"target\":{\"@type\":\"EntryPoint\",\"urlTemplate\":\"https:\/\/www.ordaraat.com.kw\/en\/?s={search_term_string}\"},\"query-input\":{\"@type\":\"PropertyValueSpecification\",\"valueRequired\":true,\"valueName\":\"search_term_string\"}}],\"inLanguage\":\"ar\"}]}<\/script>\n<!-- \/ Yoast SEO plugin. -->","yoast_head_json":{"title":"Jimmy Choo Sweetie D\u00e9grad\u00e9 Glitter Clutch Bag - Ordaraat Store","description":"Jimmy Choo Sweetie D\u00e9grad\u00e9 Glitter Plexi Clutch for women. A luxury acrylic evening clutch with a detachable chain strap and metallic d\u00e9grad\u00e9 glitter finish.","robots":{"index":"index","follow":"follow","max-snippet":"max-snippet:-1","max-image-preview":"max-image-preview:large","max-video-preview":"max-video-preview:-1"},"canonical":"https:\/\/www.ordaraat.com.kw\/ar\/shop\/for-her\/bags\/jimmy-choo-sweetie-degrade-glitter-plexi-clutch-bag-women\/","og_locale":"ar_AR","og_type":"article","og_title":"Jimmy Choo Sweetie D\u00e9grad\u00e9 Glitter Clutch Bag - Ordaraat Store","og_description":"Jimmy Choo Sweetie D\u00e9grad\u00e9 Glitter Plexi Clutch for women. A luxury acrylic evening clutch with a detachable chain strap and metallic d\u00e9grad\u00e9 glitter finish.","og_url":"https:\/\/www.ordaraat.com.kw\/ar\/shop\/for-her\/bags\/jimmy-choo-sweetie-degrade-glitter-plexi-clutch-bag-women\/","og_site_name":"Ordaraat Store","article_modified_time":"2026-04-01T04:00:43+00:00","og_image":[{"width":1707,"height":2560,"url":"https:\/\/www.ordaraat.com.kw\/wp-content\/uploads\/2026\/03\/imageye___-_imgi_58_212086172_IN-scaled.jpg","type":"image\/jpeg"}],"twitter_card":"summary_large_image","twitter_misc":{"\u0648\u0642\u062a \u0627\u0644\u0642\u0631\u0627\u0621\u0629 \u0627\u0644\u0645\u064f\u0642\u062f\u0651\u0631":"\u062f\u0642\u064a\u0642\u062a\u0627\u0646"},"schema":{"@context":"https:\/\/schema.org","@graph":[{"@type":"WebPage","@id":"https:\/\/www.ordaraat.com.kw\/shop\/for-her\/bags\/jimmy-choo-sweetie-degrade-glitter-plexi-clutch-bag-women\/","url":"https:\/\/www.ordaraat.com.kw\/shop\/for-her\/bags\/jimmy-choo-sweetie-degrade-glitter-plexi-clutch-bag-women\/","name":"Jimmy Choo Sweetie D\u00e9grad\u00e9 Glitter Clutch Bag - Ordaraat Store","isPartOf":{"@id":"https:\/\/www.ordaraat.com.kw\/en\/#website"},"primaryImageOfPage":{"@id":"https:\/\/www.ordaraat.com.kw\/shop\/for-her\/bags\/jimmy-choo-sweetie-degrade-glitter-plexi-clutch-bag-women\/#primaryimage"},"image":{"@id":"https:\/\/www.ordaraat.com.kw\/shop\/for-her\/bags\/jimmy-choo-sweetie-degrade-glitter-plexi-clutch-bag-women\/#primaryimage"},"thumbnailUrl":"https:\/\/www.ordaraat.com.kw\/wp-content\/uploads\/2026\/03\/imageye___-_imgi_58_212086172_IN-scaled.jpg","datePublished":"2026-03-27T16:17:48+00:00","dateModified":"2026-04-01T04:00:43+00:00","description":"Jimmy Choo Sweetie D\u00e9grad\u00e9 Glitter Plexi Clutch for women. A luxury acrylic evening clutch with a detachable chain strap and metallic d\u00e9grad\u00e9 glitter finish.","breadcrumb":{"@id":"https:\/\/www.ordaraat.com.kw\/shop\/for-her\/bags\/jimmy-choo-sweetie-degrade-glitter-plexi-clutch-bag-women\/#breadcrumb"},"inLanguage":"ar","potentialAction":[{"@type":"ReadAction","target":["https:\/\/www.ordaraat.com.kw\/shop\/for-her\/bags\/jimmy-choo-sweetie-degrade-glitter-plexi-clutch-bag-women\/"]}]},{"@type":"ImageObject","inLanguage":"ar","@id":"https:\/\/www.ordaraat.com.kw\/shop\/for-her\/bags\/jimmy-choo-sweetie-degrade-glitter-plexi-clutch-bag-women\/#primaryimage","url":"https:\/\/www.ordaraat.com.kw\/wp-content\/uploads\/2026\/03\/imageye___-_imgi_58_212086172_IN-scaled.jpg","contentUrl":"https:\/\/www.ordaraat.com.kw\/wp-content\/uploads\/2026\/03\/imageye___-_imgi_58_212086172_IN-scaled.jpg","width":1707,"height":2560,"caption":"Jimmy Choo Sweetie D\u00e9grad\u00e9 Glitter Plexi Evening Clutch"},{"@type":"BreadcrumbList","@id":"https:\/\/www.ordaraat.com.kw\/shop\/for-her\/bags\/jimmy-choo-sweetie-degrade-glitter-plexi-clutch-bag-women\/#breadcrumb","itemListElement":[{"@type":"ListItem","position":1,"name":"Home","item":"https:\/\/www.ordaraat.com.kw\/"},{"@type":"ListItem","position":2,"name":"Shop","item":"https:\/\/www.ordaraat.com.kw\/shop\/"},{"@type":"ListItem","position":3,"name":"Jimmy Choo Sweetie D\u00e9grad\u00e9 Glitter Clutch Bag"}]},{"@type":"WebSite","@id":"https:\/\/www.ordaraat.com.kw\/en\/#website","url":"https:\/\/www.ordaraat.com.kw\/en\/","name":"\u0645\u062a\u062c\u0631 \u0623\u0648\u0631\u062f\u0627\u0631\u0627\u062a","description":"\u0623\u0641\u0636\u0644 \u062a\u062c\u0631\u0628\u0629 \u062a\u0633\u0648\u0642 \u0625\u0644\u0643\u062a\u0631\u0648\u0646\u064a \u0641\u064a \u0627\u0644\u0643\u0648\u064a\u062a - \u0625\u0644\u0643\u062a\u0631\u0648\u0646\u064a\u0627\u062a\u060c \u0623\u062c\u0647\u0632\u0629 \u0645\u0646\u0632\u0644\u064a\u0629\u060c \u0625\u0636\u0627\u0621\u0629\u060c \u0648\u0627\u0644\u0645\u0632\u064a\u062f","potentialAction":[{"@type":"SearchAction","target":{"@type":"EntryPoint","urlTemplate":"https:\/\/www.ordaraat.com.kw\/en\/?s={search_term_string}"},"query-input":{"@type":"PropertyValueSpecification","valueRequired":true,"valueName":"search_term_string"}}],"inLanguage":"ar"}]}},"_links":{"self":[{"href":"https:\/\/www.ordaraat.com.kw\/ar\/wp-json\/wp\/v2\/product\/21303","targetHints":{"allow":["GET"]}}],"collection":[{"href":"https:\/\/www.ordaraat.com.kw\/ar\/wp-json\/wp\/v2\/product"}],"about":[{"href":"https:\/\/www.ordaraat.com.kw\/ar\/wp-json\/wp\/v2\/types\/product"}],"replies":[{"embeddable":true,"href":"https:\/\/www.ordaraat.com.kw\/ar\/wp-json\/wp\/v2\/comments?post=21303"}],"version-history":[{"count":5,"href":"https:\/\/www.ordaraat.com.kw\/ar\/wp-json\/wp\/v2\/product\/21303\/revisions"}],"predecessor-version":[{"id":21410,"href":"https:\/\/www.ordaraat.com.kw\/ar\/wp-json\/wp\/v2\/product\/21303\/revisions\/21410"}],"wp:featuredmedia":[{"embeddable":true,"href":"https:\/\/www.ordaraat.com.kw\/ar\/wp-json\/wp\/v2\/media\/21305"}],"wp:attachment":[{"href":"https:\/\/www.ordaraat.com.kw\/ar\/wp-json\/wp\/v2\/media?parent=21303"}],"wp:term":[{"taxonomy":"product_brand","embeddable":true,"href":"https:\/\/www.ordaraat.com.kw\/ar\/wp-json\/wp\/v2\/product_brand?post=21303"},{"taxonomy":"product_cat","embeddable":true,"href":"https:\/\/www.ordaraat.com.kw\/ar\/wp-json\/wp\/v2\/product_cat?post=21303"},{"taxonomy":"product_tag","embeddable":true,"href":"https:\/\/www.ordaraat.com.kw\/ar\/wp-json\/wp\/v2\/product_tag?post=21303"}],"curies":[{"name":"wp","href":"https:\/\/api.w.org\/{rel}","templated":true}]}}